{"id":9950,"date":"2021-09-29T16:04:44","date_gmt":"2021-09-29T16:04:44","guid":{"rendered":"https:\/\/vasmegyeiertektar.hu\/?page_id=9950"},"modified":"2022-02-08T16:51:05","modified_gmt":"2022-02-08T16:51:05","slug":"home","status":"publish","type":"page","link":"https:\/\/vasmegyeiertektar.hu\/en\/","title":{"rendered":"Home"},"content":{"rendered":"\t\t<div data-elementor-type=\"wp-post\" data-elementor-id=\"9950\" class=\"elementor elementor-9950\" data-elementor-post-type=\"page\">\n\t\t\t\t\t\t<section class=\"elementor-section elementor-top-section elementor-element elementor-element-12d5345 elementor-section-full_width overvi pad-bot-0 pad-top-0 elementor-section-height-default elementor-section-height-default\" data-id=\"12d5345\" data-element_type=\"section\" data-e-type=\"section\">\n\t\t\t\t\t\t<div class=\"elementor-container elementor-column-gap-no\">\n\t\t\t\t\t<div class=\"elementor-column elementor-col-100 elementor-top-column elementor-element elementor-element-8ddf51e\" data-id=\"8ddf51e\" data-element_type=\"column\" data-e-type=\"column\">\n\t\t\t<div class=\"elementor-widget-wrap elementor-element-populated\">\n\t\t\t\t\t\t<div class=\"elementor-element elementor-element-2b40ffe elementor-invisible elementor-widget elementor-widget-hero_section\" data-id=\"2b40ffe\" data-element_type=\"widget\" data-e-type=\"widget\" id=\"sec1\" data-settings=\"{&quot;_animation&quot;:&quot;fadeIn&quot;}\" data-widget_type=\"hero_section.default\">\n\t\t\t\t<div class=\"elementor-widget-container\">\n\t\t\t\t\t        <section class=\"scroll-con-sec hero-section elementor-hero-section\" data-scrollax-parent=\"true\">\n                            <div class=\"hero-bg-wrap hero-bg-absolute\">\n                    <div class=\"bg-parallax-wrap\" data-scrollax=\"properties: { translateY: '200px' }\">\n                        <!--ms-container-->\n                        <div class=\"slideshow-container\" data-scrollax=\"properties: { translateY: '300px' }\" >\n                            <div class=\"swiper-container\">\n                                <div class=\"swiper-wrapper\">\n                                                                            <!--ms_item-->\n                                        <div class=\"swiper-slide\">\n                                            <div class=\"ms-item_fs fl-wrap full-height\">\n                                                <div class=\"bg\" data-bg=\"https:\/\/vasmegyeiertektar.hu\/wp-content\/uploads\/2021\/09\/1.Velem-Szent-Vid-1-scaled.jpg\"><\/div>\n                                                <div class=\"overlay-ex op7\"><\/div>\n                                            <\/div>\n                                        <\/div>\n                                        <!--ms_item end-->\n                                                                            <!--ms_item-->\n                                        <div class=\"swiper-slide\">\n                                            <div class=\"ms-item_fs fl-wrap full-height\">\n                                                <div class=\"bg\" data-bg=\"\"><\/div>\n                                                <div class=\"overlay-ex op7\"><\/div>\n                                            <\/div>\n                                        <\/div>\n                                        <!--ms_item end-->\n                                                                            <!--ms_item-->\n                                        <div class=\"swiper-slide\">\n                                            <div class=\"ms-item_fs fl-wrap full-height\">\n                                                <div class=\"bg\" data-bg=\"https:\/\/vasmegyeiertektar.hu\/wp-content\/uploads\/2021\/09\/5.Savaria-karneval-1.jpg\"><\/div>\n                                                <div class=\"overlay-ex op7\"><\/div>\n                                            <\/div>\n                                        <\/div>\n                                        <!--ms_item end-->\n                                                                            <!--ms_item-->\n                                        <div class=\"swiper-slide\">\n                                            <div class=\"ms-item_fs fl-wrap full-height\">\n                                                <div class=\"bg\" data-bg=\"https:\/\/vasmegyeiertektar.hu\/wp-content\/uploads\/2021\/09\/6.Veleme\u0301ri-Templom.jpg\"><\/div>\n                                                <div class=\"overlay-ex op7\"><\/div>\n                                            <\/div>\n                                        <\/div>\n                                        <!--ms_item end-->\n                                                                    <\/div>\n                            <\/div>\n                        <\/div>\n                        <!--ms-container end-->\n                    <\/div>\n                <\/div>\n                        <div class=\"overlay\" style=\"opacity:0.5;\"><\/div>\n            <div class=\"hero-section-wrap fl-wrap\">\n                <div class=\"container small-container\">\n                                        <div class=\"intro-item fl-wrap\">\n                        <span class=\"section-separator\"><\/span>\n<h1 class=\"main-title\">Discover Vas county<\/h1>\n<h3 class=\"main-subtitle\">Our values live with us<\/h3>                    <\/div>\n                                                                                \n                                        \n                                    <\/div>\n            <\/div>\n            <!-- <div class=\"bubble-bg\"> <\/div> -->\n                    <\/section>\n        \t\t\t\t<\/div>\n\t\t\t\t<\/div>\n\t\t\t\t<div class=\"elementor-element elementor-element-e6acf29 main-map elementor-widget elementor-widget-hero_section_map\" data-id=\"e6acf29\" data-element_type=\"widget\" data-e-type=\"widget\" data-widget_type=\"hero_section_map.default\">\n\t\t\t\t<div class=\"elementor-widget-container\">\n\t\t\t\t\t        <!--hero map-->\n        <div class=\"hero-map-wrap\">\n            <div class=\"hero-map\">\n                <!-- Map -->\n                <div class=\"map-container fw-map big_map hero-map-map\">\n                            <div id=\"map-main\" class=\"main-map-ele main-map-googlemap\"><\/div>\n                <ul class=\"mapnavigation no-list-style mrg-0\">\n            <li><a href=\"#\" class=\"prevmap-nav mapnavbtn\"><span><i class=\"fas fa-caret-left\"><\/i><\/span><\/a><\/li>\n            <li><a href=\"#\" class=\"nextmap-nav mapnavbtn\"><span><i class=\"fas fa-caret-right\"><\/i><\/span><\/a><\/li>\n        <\/ul>\n        <div class=\"scrollContorl mapnavbtn tolt\" data-microtip-position=\"top-left\" data-tooltip=\"Enable Scrolling\"><span><i class=\"fal fa-unlock\"><\/i><\/span><\/div>\n        <div class=\"location-btn geoLocation tolt\" data-microtip-position=\"top-left\" data-tooltip=\"Your location\"><span><i class=\"fal fa-location\"><\/i><\/span><\/div>\n                \n        <div class=\"map-overlay\"><\/div>\n        <div class=\"map-close\"><i class=\"fas fa-times\"><\/i><\/div>                <\/div>\n                <!-- Map end -->\n            <\/div>\n            <div class=\"clearfix\"><\/div>\n            <div class=\"container small-container\">\n                <div class=\"hero-map-search-wrap fl-wrap\">\n                                        <div class=\"main-search-form-wrap clearfix\">\n        <!-- main-search-input-tabs-->\n    <div class=\"main-search-input-tabs  tabs-act fl-wrap tabs-wrapper ltypes-count-1\">\n        <ul class=\"tabs-menu change_bg no-list-style\">\n                    <li class=\"lfilter-tabitem current\"><a href=\"#lfilter-tab-9956\" data-bgtab=\"\">Architecture<\/a><\/li>\n        \n        <\/ul>\n        <!--tabs -->                       \n        <div class=\"tabs-container fl-wrap\">\n            \n                        <!--tab -->\n            <div class=\"tab lfilter-tab-9956\">\n                <div id=\"lfilter-tab-9956\" class=\"tab-content first-tab\">\n                    <div class=\"main-search-input-wrap fl-wrap\">\n                        \n\n                        <form role=\"search\" method=\"get\" action=\"https:\/\/vasmegyeiertektar.hu\/en\/\" class=\"list-search-hero-form list-search-form-js\">\n                            <div class=\"azp_element filter_form_hero azp-element-azp-92pi6p7vat4\" >\n    <div class=\"hero-inputs-wrap fl-wrap\">\n        <div class=\"azp_element filter_title azp-element-azp-fy5gglw8sc filter-gid-item filter-gid-wid-4\" >\n    <div class=\"filter-item-inner\">\n                <label class=\"flabel-icon\">\n                                    <i class=\"fal fa-location\"><\/i>\n                    <\/label>\n                <input type=\"text\" name=\"search_term\" placeholder=\"Name\" value=\"\"\/>\n    <\/div>\n        \n<\/div><div class=\"azp_element filter_ltype azp-element-azp-igx14dn3o7a filter-gid-item filter-gid-wid-4\" >\n    <div class=\"filter-item-inner\">\n        <select data-placeholder=\"All Categories\"  class=\"chosen-select\" name=\"ltype\">\n            <option value=\"\">All Categories<\/option>            <option value=\"9956\" >Architecture<\/option><option value=\"9988\" >Industry<\/option><option value=\"9995\" >Culture<\/option><option value=\"9999\" >Agriculture<\/option><option value=\"10001\" >Sport<\/option><option value=\"10003\" >Nature<\/option>        <\/select>\n    <\/div>\n<\/div>\n        <button class=\"main-search-button color2-bg\" type=\"submit\">Search <i class=\"far fa-search\"><\/i><\/button>\n    <\/div>\n<\/div>                                                    <\/form>\n                    <\/div>\n                <\/div>\n            <\/div>\n            <!--tab end-->\n            \n            \n            \n                                          \n        <\/div>\n        <!--tabs end-->\n    <\/div>\n    <!-- main-search-input-tabs end-->\n<\/div>\n\n    \n\n\n                                            \n                                        \n                                    <\/div>\n            <\/div>\n                    <\/div>\n        <!--hero map end-->\n        \t\t\t\t<\/div>\n\t\t\t\t<\/div>\n\t\t\t\t\t<\/div>\n\t\t<\/div>\n\t\t\t\t\t<\/div>\n\t\t<\/section>\n\t\t\t\t<\/div>\n\t\t","protected":false},"excerpt":{"rendered":"<p>Discover Vas county Our values live with us Architecture All CategoriesArchitectureIndustryCultureAgricultureSportNature Keres\u00e9s<\/p>\n","protected":false},"author":2,"featured_media":0,"parent":0,"menu_order":0,"comment_status":"closed","ping_status":"closed","template":"home-fullscreen.php","meta":{"nf_dc_page":"","_monsterinsights_skip_tracking":false,"_monsterinsights_sitenote_active":false,"_monsterinsights_sitenote_note":"","_monsterinsights_sitenote_category":0,"footnotes":""},"class_list":["post-9950","page","type-page","status-publish","hentry"],"yoast_head":"<!-- This site is optimized with the Yoast SEO plugin v27.4 - https:\/\/yoast.com\/product\/yoast-seo-wordpress\/ -->\n<title>Home - Vas v\u00e1rmegyei \u00e9rt\u00e9kt\u00e1r<\/title>\n<meta name=\"robots\" content=\"index, follow, max-snippet:-1, max-image-preview:large, max-video-preview:-1\" \/>\n<link rel=\"canonical\" href=\"https:\/\/vasmegyeiertektar.hu\/en\/\" \/>\n<meta property=\"og:locale\" content=\"en_US\" \/>\n<meta property=\"og:type\" content=\"article\" \/>\n<meta property=\"og:title\" content=\"Home - Vas v\u00e1rmegyei \u00e9rt\u00e9kt\u00e1r\" \/>\n<meta property=\"og:description\" content=\"Discover Vas county Our values live with us Architecture All CategoriesArchitectureIndustryCultureAgricultureSportNature Keres\u00e9s\" \/>\n<meta property=\"og:url\" content=\"https:\/\/vasmegyeiertektar.hu\/en\/\" \/>\n<meta property=\"og:site_name\" content=\"Vas v\u00e1rmegyei \u00e9rt\u00e9kt\u00e1r\" \/>\n<meta property=\"article:modified_time\" content=\"2022-02-08T16:51:05+00:00\" \/>\n<meta name=\"twitter:card\" content=\"summary_large_image\" \/>\n<meta name=\"twitter:label1\" content=\"Est. reading time\" \/>\n\t<meta name=\"twitter:data1\" content=\"1 minute\" \/>\n<script type=\"application\/ld+json\" class=\"yoast-schema-graph\">{\"@context\":\"https:\\\/\\\/schema.org\",\"@graph\":[{\"@type\":\"WebPage\",\"@id\":\"https:\\\/\\\/vasmegyeiertektar.hu\\\/en\\\/\",\"url\":\"https:\\\/\\\/vasmegyeiertektar.hu\\\/en\\\/\",\"name\":\"Home - Vas v\u00e1rmegyei \u00e9rt\u00e9kt\u00e1r\",\"isPartOf\":{\"@id\":\"https:\\\/\\\/vasmegyeiertektar.hu\\\/#website\"},\"datePublished\":\"2021-09-29T16:04:44+00:00\",\"dateModified\":\"2022-02-08T16:51:05+00:00\",\"breadcrumb\":{\"@id\":\"https:\\\/\\\/vasmegyeiertektar.hu\\\/en\\\/#breadcrumb\"},\"inLanguage\":\"en-US\",\"potentialAction\":[{\"@type\":\"ReadAction\",\"target\":[\"https:\\\/\\\/vasmegyeiertektar.hu\\\/en\\\/\"]}]},{\"@type\":\"BreadcrumbList\",\"@id\":\"https:\\\/\\\/vasmegyeiertektar.hu\\\/en\\\/#breadcrumb\",\"itemListElement\":[{\"@type\":\"ListItem\",\"position\":1,\"name\":\"F\u0151oldal\",\"item\":\"https:\\\/\\\/vasmegyeiertektar.hu\\\/en\\\/\"},{\"@type\":\"ListItem\",\"position\":2,\"name\":\"Home\"}]},{\"@type\":\"WebSite\",\"@id\":\"https:\\\/\\\/vasmegyeiertektar.hu\\\/#website\",\"url\":\"https:\\\/\\\/vasmegyeiertektar.hu\\\/\",\"name\":\"Vas v\u00e1rmegyei \u00e9rt\u00e9kt\u00e1r\",\"description\":\"\",\"publisher\":{\"@id\":\"https:\\\/\\\/vasmegyeiertektar.hu\\\/#organization\"},\"potentialAction\":[{\"@type\":\"SearchAction\",\"target\":{\"@type\":\"EntryPoint\",\"urlTemplate\":\"https:\\\/\\\/vasmegyeiertektar.hu\\\/?s={search_term_string}\"},\"query-input\":{\"@type\":\"PropertyValueSpecification\",\"valueRequired\":true,\"valueName\":\"search_term_string\"}}],\"inLanguage\":\"en-US\"},{\"@type\":\"Organization\",\"@id\":\"https:\\\/\\\/vasmegyeiertektar.hu\\\/#organization\",\"name\":\"Vas Megyei \u00c9rt\u00e9kt\u00e1r\",\"url\":\"https:\\\/\\\/vasmegyeiertektar.hu\\\/\",\"logo\":{\"@type\":\"ImageObject\",\"inLanguage\":\"en-US\",\"@id\":\"https:\\\/\\\/vasmegyeiertektar.hu\\\/#\\\/schema\\\/logo\\\/image\\\/\",\"url\":\"https:\\\/\\\/i1.wp.com\\\/vasmegyeiertektar.hu\\\/wp-content\\\/uploads\\\/2021\\\/09\\\/VME_logo.png?fit=152%2C132&ssl=1\",\"contentUrl\":\"https:\\\/\\\/i1.wp.com\\\/vasmegyeiertektar.hu\\\/wp-content\\\/uploads\\\/2021\\\/09\\\/VME_logo.png?fit=152%2C132&ssl=1\",\"width\":152,\"height\":132,\"caption\":\"Vas Megyei \u00c9rt\u00e9kt\u00e1r\"},\"image\":{\"@id\":\"https:\\\/\\\/vasmegyeiertektar.hu\\\/#\\\/schema\\\/logo\\\/image\\\/\"}}]}<\/script>\n<!-- \/ Yoast SEO plugin. -->","yoast_head_json":{"title":"Home - Vas v\u00e1rmegyei \u00e9rt\u00e9kt\u00e1r","robots":{"index":"index","follow":"follow","max-snippet":"max-snippet:-1","max-image-preview":"max-image-preview:large","max-video-preview":"max-video-preview:-1"},"canonical":"https:\/\/vasmegyeiertektar.hu\/en\/","og_locale":"en_US","og_type":"article","og_title":"Home - Vas v\u00e1rmegyei \u00e9rt\u00e9kt\u00e1r","og_description":"Discover Vas county Our values live with us Architecture All CategoriesArchitectureIndustryCultureAgricultureSportNature Keres\u00e9s","og_url":"https:\/\/vasmegyeiertektar.hu\/en\/","og_site_name":"Vas v\u00e1rmegyei \u00e9rt\u00e9kt\u00e1r","article_modified_time":"2022-02-08T16:51:05+00:00","twitter_card":"summary_large_image","twitter_misc":{"Est. reading time":"1 minute"},"schema":{"@context":"https:\/\/schema.org","@graph":[{"@type":"WebPage","@id":"https:\/\/vasmegyeiertektar.hu\/en\/","url":"https:\/\/vasmegyeiertektar.hu\/en\/","name":"Home - Vas v\u00e1rmegyei \u00e9rt\u00e9kt\u00e1r","isPartOf":{"@id":"https:\/\/vasmegyeiertektar.hu\/#website"},"datePublished":"2021-09-29T16:04:44+00:00","dateModified":"2022-02-08T16:51:05+00:00","breadcrumb":{"@id":"https:\/\/vasmegyeiertektar.hu\/en\/#breadcrumb"},"inLanguage":"en-US","potentialAction":[{"@type":"ReadAction","target":["https:\/\/vasmegyeiertektar.hu\/en\/"]}]},{"@type":"BreadcrumbList","@id":"https:\/\/vasmegyeiertektar.hu\/en\/#breadcrumb","itemListElement":[{"@type":"ListItem","position":1,"name":"F\u0151oldal","item":"https:\/\/vasmegyeiertektar.hu\/en\/"},{"@type":"ListItem","position":2,"name":"Home"}]},{"@type":"WebSite","@id":"https:\/\/vasmegyeiertektar.hu\/#website","url":"https:\/\/vasmegyeiertektar.hu\/","name":"Vas v\u00e1rmegyei \u00e9rt\u00e9kt\u00e1r","description":"","publisher":{"@id":"https:\/\/vasmegyeiertektar.hu\/#organization"},"potentialAction":[{"@type":"SearchAction","target":{"@type":"EntryPoint","urlTemplate":"https:\/\/vasmegyeiertektar.hu\/?s={search_term_string}"},"query-input":{"@type":"PropertyValueSpecification","valueRequired":true,"valueName":"search_term_string"}}],"inLanguage":"en-US"},{"@type":"Organization","@id":"https:\/\/vasmegyeiertektar.hu\/#organization","name":"Vas Megyei \u00c9rt\u00e9kt\u00e1r","url":"https:\/\/vasmegyeiertektar.hu\/","logo":{"@type":"ImageObject","inLanguage":"en-US","@id":"https:\/\/vasmegyeiertektar.hu\/#\/schema\/logo\/image\/","url":"https:\/\/i1.wp.com\/vasmegyeiertektar.hu\/wp-content\/uploads\/2021\/09\/VME_logo.png?fit=152%2C132&ssl=1","contentUrl":"https:\/\/i1.wp.com\/vasmegyeiertektar.hu\/wp-content\/uploads\/2021\/09\/VME_logo.png?fit=152%2C132&ssl=1","width":152,"height":132,"caption":"Vas Megyei \u00c9rt\u00e9kt\u00e1r"},"image":{"@id":"https:\/\/vasmegyeiertektar.hu\/#\/schema\/logo\/image\/"}}]}},"_links":{"self":[{"href":"https:\/\/vasmegyeiertektar.hu\/en\/wp-json\/wp\/v2\/pages\/9950","targetHints":{"allow":["GET"]}}],"collection":[{"href":"https:\/\/vasmegyeiertektar.hu\/en\/wp-json\/wp\/v2\/pages"}],"about":[{"href":"https:\/\/vasmegyeiertektar.hu\/en\/wp-json\/wp\/v2\/types\/page"}],"author":[{"embeddable":true,"href":"https:\/\/vasmegyeiertektar.hu\/en\/wp-json\/wp\/v2\/users\/2"}],"replies":[{"embeddable":true,"href":"https:\/\/vasmegyeiertektar.hu\/en\/wp-json\/wp\/v2\/comments?post=9950"}],"version-history":[{"count":5,"href":"https:\/\/vasmegyeiertektar.hu\/en\/wp-json\/wp\/v2\/pages\/9950\/revisions"}],"predecessor-version":[{"id":10974,"href":"https:\/\/vasmegyeiertektar.hu\/en\/wp-json\/wp\/v2\/pages\/9950\/revisions\/10974"}],"wp:attachment":[{"href":"https:\/\/vasmegyeiertektar.hu\/en\/wp-json\/wp\/v2\/media?parent=9950"}],"curies":[{"name":"wp","href":"https:\/\/api.w.org\/{rel}","templated":true}]}}