{"id":10109,"date":"2021-10-18T13:00:11","date_gmt":"2021-10-18T13:00:11","guid":{"rendered":"https:\/\/vasmegyeiertektar.hu\/?page_id=10109"},"modified":"2021-10-18T13:00:16","modified_gmt":"2021-10-18T13:00:16","slug":"privacy-policy","status":"publish","type":"page","link":"https:\/\/vasmegyeiertektar.hu\/en\/privacy-policy\/","title":{"rendered":"Privacy Policy"},"content":{"rendered":"\t\t<div data-elementor-type=\"wp-page\" data-elementor-id=\"10109\" class=\"elementor elementor-10109\" data-elementor-post-type=\"page\">\n\t\t\t\t\t\t<section class=\"elementor-section elementor-top-section elementor-element elementor-element-773c0c08 elementor-section-boxed elementor-section-height-default elementor-section-height-default\" data-id=\"773c0c08\" data-element_type=\"section\" data-e-type=\"section\">\n\t\t\t\t\t\t<div class=\"elementor-container elementor-column-gap-default\">\n\t\t\t\t\t<div class=\"elementor-column elementor-col-100 elementor-top-column elementor-element elementor-element-70918dda\" data-id=\"70918dda\" data-element_type=\"column\" data-e-type=\"column\">\n\t\t\t<div class=\"elementor-widget-wrap elementor-element-populated\">\n\t\t\t\t\t\t<section class=\"elementor-section elementor-inner-section elementor-element elementor-element-7d251d1 elementor-section-boxed elementor-section-height-default elementor-section-height-default\" data-id=\"7d251d1\" data-element_type=\"section\" data-e-type=\"section\">\n\t\t\t\t\t\t<div class=\"elementor-container elementor-column-gap-wide\">\n\t\t\t\t\t<div class=\"elementor-column elementor-col-100 elementor-inner-column elementor-element elementor-element-539706d\" data-id=\"539706d\" data-element_type=\"column\" data-e-type=\"column\">\n\t\t\t<div class=\"elementor-widget-wrap elementor-element-populated\">\n\t\t\t\t\t\t<div class=\"elementor-element elementor-element-5afa566 elementor-widget elementor-widget-heading\" data-id=\"5afa566\" data-element_type=\"widget\" data-e-type=\"widget\" data-widget_type=\"heading.default\">\n\t\t\t\t<div class=\"elementor-widget-container\">\n\t\t\t\t\t<h2 class=\"elementor-heading-title elementor-size-default\">Adatkezel\u00e9si nyilatkozat<\/h2>\t\t\t\t<\/div>\n\t\t\t\t<\/div>\n\t\t\t\t<div class=\"elementor-element elementor-element-7f80a05 elementor-widget elementor-widget-text-editor\" data-id=\"7f80a05\" data-element_type=\"widget\" data-e-type=\"widget\" data-widget_type=\"text-editor.default\">\n\t\t\t\t<div class=\"elementor-widget-container\">\n\t\t\t\t\t\t\t\t\t<p style=\"text-align: left;\">Lorem ipsum dolor sit amet, consectetur adipiscing elit. Ut elit tellus, luctus nec ullamcorper mattis, pulvinar dapibus leo.Lorem ipsum dolor sit amet, consectetur adipiscing elit, sed do eiusmod tempor incididunt ut labore et dolore magna aliqua. Ut enim ad minim veniam, quis nostrud exercitation ullamco laboris nisi ut aliquip ex ea commodo consequat. Duis aute irure dolor in reprehenderit in voluptate velit esse cillum dolore eu fugiat nulla pariatur. Excepteur sint occaecat cupidatat non proident, sunt in culpa qui officia deserunt mollit anim id est laborum<\/p>\t\t\t\t\t\t\t\t<\/div>\n\t\t\t\t<\/div>\n\t\t\t\t\t<\/div>\n\t\t<\/div>\n\t\t\t\t\t<\/div>\n\t\t<\/section>\n\t\t\t\t<div class=\"elementor-element elementor-element-f7d2b37 elementor-widget elementor-widget-spacer\" data-id=\"f7d2b37\" data-element_type=\"widget\" data-e-type=\"widget\" data-widget_type=\"spacer.default\">\n\t\t\t\t<div class=\"elementor-widget-container\">\n\t\t\t\t\t\t\t<div class=\"elementor-spacer\">\n\t\t\t<div class=\"elementor-spacer-inner\"><\/div>\n\t\t<\/div>\n\t\t\t\t\t\t<\/div>\n\t\t\t\t<\/div>\n\t\t\t\t<section class=\"elementor-section elementor-inner-section elementor-element elementor-element-95bcbc9 elementor-section-boxed elementor-section-height-default elementor-section-height-default\" data-id=\"95bcbc9\" data-element_type=\"section\" data-e-type=\"section\">\n\t\t\t\t\t\t<div class=\"elementor-container elementor-column-gap-default\">\n\t\t\t\t\t<div class=\"elementor-column elementor-col-100 elementor-inner-column elementor-element elementor-element-6c6800d\" data-id=\"6c6800d\" data-element_type=\"column\" data-e-type=\"column\">\n\t\t\t<div class=\"elementor-widget-wrap\">\n\t\t\t\t\t\t\t<\/div>\n\t\t<\/div>\n\t\t\t\t\t<\/div>\n\t\t<\/section>\n\t\t\t\t\t<\/div>\n\t\t<\/div>\n\t\t\t\t\t<\/div>\n\t\t<\/section>\n\t\t\t\t<\/div>\n\t\t","protected":false},"excerpt":{"rendered":"","protected":false},"author":2,"featured_media":0,"parent":0,"menu_order":0,"comment_status":"closed","ping_status":"closed","template":"page-fullwidth.php","meta":{"nf_dc_page":"","_monsterinsights_skip_tracking":false,"_monsterinsights_sitenote_active":false,"_monsterinsights_sitenote_note":"","_monsterinsights_sitenote_category":0,"footnotes":""},"class_list":["post-10109","page","type-page","status-publish","hentry"],"yoast_head":"<!-- This site is optimized with the Yoast SEO plugin v27.4 - https:\/\/yoast.com\/product\/yoast-seo-wordpress\/ -->\n<title>Privacy Policy - Vas v\u00e1rmegyei \u00e9rt\u00e9kt\u00e1r<\/title>\n<meta name=\"robots\" content=\"index, follow, max-snippet:-1, max-image-preview:large, max-video-preview:-1\" \/>\n<link rel=\"canonical\" href=\"https:\/\/vasmegyeiertektar.hu\/en\/privacy-policy\/\" \/>\n<meta property=\"og:locale\" content=\"en_US\" \/>\n<meta property=\"og:type\" content=\"article\" \/>\n<meta property=\"og:title\" content=\"Privacy Policy - Vas v\u00e1rmegyei \u00e9rt\u00e9kt\u00e1r\" \/>\n<meta property=\"og:url\" content=\"https:\/\/vasmegyeiertektar.hu\/en\/privacy-policy\/\" \/>\n<meta property=\"og:site_name\" content=\"Vas v\u00e1rmegyei \u00e9rt\u00e9kt\u00e1r\" \/>\n<meta property=\"article:modified_time\" content=\"2021-10-18T13:00:16+00:00\" \/>\n<meta name=\"twitter:card\" content=\"summary_large_image\" \/>\n<script type=\"application\/ld+json\" class=\"yoast-schema-graph\">{\"@context\":\"https:\\\/\\\/schema.org\",\"@graph\":[{\"@type\":\"WebPage\",\"@id\":\"https:\\\/\\\/vasmegyeiertektar.hu\\\/en\\\/privacy-policy\\\/\",\"url\":\"https:\\\/\\\/vasmegyeiertektar.hu\\\/en\\\/privacy-policy\\\/\",\"name\":\"Privacy Policy - Vas v\u00e1rmegyei \u00e9rt\u00e9kt\u00e1r\",\"isPartOf\":{\"@id\":\"https:\\\/\\\/vasmegyeiertektar.hu\\\/#website\"},\"datePublished\":\"2021-10-18T13:00:11+00:00\",\"dateModified\":\"2021-10-18T13:00:16+00:00\",\"breadcrumb\":{\"@id\":\"https:\\\/\\\/vasmegyeiertektar.hu\\\/en\\\/privacy-policy\\\/#breadcrumb\"},\"inLanguage\":\"en-US\",\"potentialAction\":[{\"@type\":\"ReadAction\",\"target\":[\"https:\\\/\\\/vasmegyeiertektar.hu\\\/en\\\/privacy-policy\\\/\"]}]},{\"@type\":\"BreadcrumbList\",\"@id\":\"https:\\\/\\\/vasmegyeiertektar.hu\\\/en\\\/privacy-policy\\\/#breadcrumb\",\"itemListElement\":[{\"@type\":\"ListItem\",\"position\":1,\"name\":\"F\u0151oldal\",\"item\":\"https:\\\/\\\/vasmegyeiertektar.hu\\\/en\\\/\"},{\"@type\":\"ListItem\",\"position\":2,\"name\":\"Privacy Policy\"}]},{\"@type\":\"WebSite\",\"@id\":\"https:\\\/\\\/vasmegyeiertektar.hu\\\/#website\",\"url\":\"https:\\\/\\\/vasmegyeiertektar.hu\\\/\",\"name\":\"Vas v\u00e1rmegyei \u00e9rt\u00e9kt\u00e1r\",\"description\":\"\",\"publisher\":{\"@id\":\"https:\\\/\\\/vasmegyeiertektar.hu\\\/#organization\"},\"potentialAction\":[{\"@type\":\"SearchAction\",\"target\":{\"@type\":\"EntryPoint\",\"urlTemplate\":\"https:\\\/\\\/vasmegyeiertektar.hu\\\/?s={search_term_string}\"},\"query-input\":{\"@type\":\"PropertyValueSpecification\",\"valueRequired\":true,\"valueName\":\"search_term_string\"}}],\"inLanguage\":\"en-US\"},{\"@type\":\"Organization\",\"@id\":\"https:\\\/\\\/vasmegyeiertektar.hu\\\/#organization\",\"name\":\"Vas Megyei \u00c9rt\u00e9kt\u00e1r\",\"url\":\"https:\\\/\\\/vasmegyeiertektar.hu\\\/\",\"logo\":{\"@type\":\"ImageObject\",\"inLanguage\":\"en-US\",\"@id\":\"https:\\\/\\\/vasmegyeiertektar.hu\\\/#\\\/schema\\\/logo\\\/image\\\/\",\"url\":\"https:\\\/\\\/i1.wp.com\\\/vasmegyeiertektar.hu\\\/wp-content\\\/uploads\\\/2021\\\/09\\\/VME_logo.png?fit=152%2C132&ssl=1\",\"contentUrl\":\"https:\\\/\\\/i1.wp.com\\\/vasmegyeiertektar.hu\\\/wp-content\\\/uploads\\\/2021\\\/09\\\/VME_logo.png?fit=152%2C132&ssl=1\",\"width\":152,\"height\":132,\"caption\":\"Vas Megyei \u00c9rt\u00e9kt\u00e1r\"},\"image\":{\"@id\":\"https:\\\/\\\/vasmegyeiertektar.hu\\\/#\\\/schema\\\/logo\\\/image\\\/\"}}]}<\/script>\n<!-- \/ Yoast SEO plugin. -->","yoast_head_json":{"title":"Privacy Policy - Vas v\u00e1rmegyei \u00e9rt\u00e9kt\u00e1r","robots":{"index":"index","follow":"follow","max-snippet":"max-snippet:-1","max-image-preview":"max-image-preview:large","max-video-preview":"max-video-preview:-1"},"canonical":"https:\/\/vasmegyeiertektar.hu\/en\/privacy-policy\/","og_locale":"en_US","og_type":"article","og_title":"Privacy Policy - Vas v\u00e1rmegyei \u00e9rt\u00e9kt\u00e1r","og_url":"https:\/\/vasmegyeiertektar.hu\/en\/privacy-policy\/","og_site_name":"Vas v\u00e1rmegyei \u00e9rt\u00e9kt\u00e1r","article_modified_time":"2021-10-18T13:00:16+00:00","twitter_card":"summary_large_image","schema":{"@context":"https:\/\/schema.org","@graph":[{"@type":"WebPage","@id":"https:\/\/vasmegyeiertektar.hu\/en\/privacy-policy\/","url":"https:\/\/vasmegyeiertektar.hu\/en\/privacy-policy\/","name":"Privacy Policy - Vas v\u00e1rmegyei \u00e9rt\u00e9kt\u00e1r","isPartOf":{"@id":"https:\/\/vasmegyeiertektar.hu\/#website"},"datePublished":"2021-10-18T13:00:11+00:00","dateModified":"2021-10-18T13:00:16+00:00","breadcrumb":{"@id":"https:\/\/vasmegyeiertektar.hu\/en\/privacy-policy\/#breadcrumb"},"inLanguage":"en-US","potentialAction":[{"@type":"ReadAction","target":["https:\/\/vasmegyeiertektar.hu\/en\/privacy-policy\/"]}]},{"@type":"BreadcrumbList","@id":"https:\/\/vasmegyeiertektar.hu\/en\/privacy-policy\/#breadcrumb","itemListElement":[{"@type":"ListItem","position":1,"name":"F\u0151oldal","item":"https:\/\/vasmegyeiertektar.hu\/en\/"},{"@type":"ListItem","position":2,"name":"Privacy Policy"}]},{"@type":"WebSite","@id":"https:\/\/vasmegyeiertektar.hu\/#website","url":"https:\/\/vasmegyeiertektar.hu\/","name":"Vas v\u00e1rmegyei \u00e9rt\u00e9kt\u00e1r","description":"","publisher":{"@id":"https:\/\/vasmegyeiertektar.hu\/#organization"},"potentialAction":[{"@type":"SearchAction","target":{"@type":"EntryPoint","urlTemplate":"https:\/\/vasmegyeiertektar.hu\/?s={search_term_string}"},"query-input":{"@type":"PropertyValueSpecification","valueRequired":true,"valueName":"search_term_string"}}],"inLanguage":"en-US"},{"@type":"Organization","@id":"https:\/\/vasmegyeiertektar.hu\/#organization","name":"Vas Megyei \u00c9rt\u00e9kt\u00e1r","url":"https:\/\/vasmegyeiertektar.hu\/","logo":{"@type":"ImageObject","inLanguage":"en-US","@id":"https:\/\/vasmegyeiertektar.hu\/#\/schema\/logo\/image\/","url":"https:\/\/i1.wp.com\/vasmegyeiertektar.hu\/wp-content\/uploads\/2021\/09\/VME_logo.png?fit=152%2C132&ssl=1","contentUrl":"https:\/\/i1.wp.com\/vasmegyeiertektar.hu\/wp-content\/uploads\/2021\/09\/VME_logo.png?fit=152%2C132&ssl=1","width":152,"height":132,"caption":"Vas Megyei \u00c9rt\u00e9kt\u00e1r"},"image":{"@id":"https:\/\/vasmegyeiertektar.hu\/#\/schema\/logo\/image\/"}}]}},"_links":{"self":[{"href":"https:\/\/vasmegyeiertektar.hu\/en\/wp-json\/wp\/v2\/pages\/10109","targetHints":{"allow":["GET"]}}],"collection":[{"href":"https:\/\/vasmegyeiertektar.hu\/en\/wp-json\/wp\/v2\/pages"}],"about":[{"href":"https:\/\/vasmegyeiertektar.hu\/en\/wp-json\/wp\/v2\/types\/page"}],"author":[{"embeddable":true,"href":"https:\/\/vasmegyeiertektar.hu\/en\/wp-json\/wp\/v2\/users\/2"}],"replies":[{"embeddable":true,"href":"https:\/\/vasmegyeiertektar.hu\/en\/wp-json\/wp\/v2\/comments?post=10109"}],"version-history":[{"count":2,"href":"https:\/\/vasmegyeiertektar.hu\/en\/wp-json\/wp\/v2\/pages\/10109\/revisions"}],"predecessor-version":[{"id":10111,"href":"https:\/\/vasmegyeiertektar.hu\/en\/wp-json\/wp\/v2\/pages\/10109\/revisions\/10111"}],"wp:attachment":[{"href":"https:\/\/vasmegyeiertektar.hu\/en\/wp-json\/wp\/v2\/media?parent=10109"}],"curies":[{"name":"wp","href":"https:\/\/api.w.org\/{rel}","templated":true}]}}