{"id":10068,"date":"2021-09-30T06:35:37","date_gmt":"2021-09-30T06:35:37","guid":{"rendered":"https:\/\/vasmegyeiertektar.hu\/?page_id=10068"},"modified":"2021-09-30T06:47:08","modified_gmt":"2021-09-30T06:47:08","slug":"about-us","status":"publish","type":"page","link":"https:\/\/vasmegyeiertektar.hu\/en\/about-us\/","title":{"rendered":"About Us"},"content":{"rendered":"\t\t<div data-elementor-type=\"wp-page\" data-elementor-id=\"10068\" class=\"elementor elementor-10068\" data-elementor-post-type=\"page\">\n\t\t\t\t\t\t<section class=\"elementor-section elementor-top-section elementor-element elementor-element-773c0c08 elementor-section-boxed elementor-section-height-default elementor-section-height-default\" data-id=\"773c0c08\" data-element_type=\"section\" data-e-type=\"section\">\n\t\t\t\t\t\t<div class=\"elementor-container elementor-column-gap-default\">\n\t\t\t\t\t<div class=\"elementor-column elementor-col-100 elementor-top-column elementor-element elementor-element-70918dda\" data-id=\"70918dda\" data-element_type=\"column\" data-e-type=\"column\">\n\t\t\t<div class=\"elementor-widget-wrap elementor-element-populated\">\n\t\t\t\t\t\t<section class=\"elementor-section elementor-inner-section elementor-element elementor-element-7d251d1 elementor-section-boxed elementor-section-height-default elementor-section-height-default\" data-id=\"7d251d1\" data-element_type=\"section\" data-e-type=\"section\">\n\t\t\t\t\t\t<div class=\"elementor-container elementor-column-gap-wide\">\n\t\t\t\t\t<div class=\"elementor-column elementor-col-50 elementor-inner-column elementor-element elementor-element-43a3965\" data-id=\"43a3965\" data-element_type=\"column\" data-e-type=\"column\">\n\t\t\t<div class=\"elementor-widget-wrap elementor-element-populated\">\n\t\t\t\t\t\t<div class=\"elementor-element elementor-element-b07c8f4 elementor-widget elementor-widget-image\" data-id=\"b07c8f4\" data-element_type=\"widget\" data-e-type=\"widget\" data-widget_type=\"image.default\">\n\t\t\t\t<div class=\"elementor-widget-container\">\n\t\t\t\t\t\t\t\t\t\t\t\t\t\t\t<img decoding=\"async\" data-src=\"https:\/\/vasmegyeiertektar.hu\/wp-content\/uploads\/2021\/09\/photo-1588081483002-bf11c9bc15ee.jpeg\" title=\"\" alt=\"\" src=\"data:image\/svg+xml;base64,PHN2ZyB3aWR0aD0iMSIgaGVpZ2h0PSIxIiB4bWxucz0iaHR0cDovL3d3dy53My5vcmcvMjAwMC9zdmciPjwvc3ZnPg==\" class=\"lazyload\" \/>\t\t\t\t\t\t\t\t\t\t\t\t\t\t\t<\/div>\n\t\t\t\t<\/div>\n\t\t\t\t\t<\/div>\n\t\t<\/div>\n\t\t\t\t<div class=\"elementor-column elementor-col-50 elementor-inner-column elementor-element elementor-element-539706d\" data-id=\"539706d\" data-element_type=\"column\" data-e-type=\"column\">\n\t\t\t<div class=\"elementor-widget-wrap elementor-element-populated\">\n\t\t\t\t\t\t<div class=\"elementor-element elementor-element-5afa566 elementor-widget elementor-widget-heading\" data-id=\"5afa566\" data-element_type=\"widget\" data-e-type=\"widget\" data-widget_type=\"heading.default\">\n\t\t\t\t<div class=\"elementor-widget-container\">\n\t\t\t\t\t<h2 class=\"elementor-heading-title elementor-size-default\">About Vas County vault site<\/h2>\t\t\t\t<\/div>\n\t\t\t\t<\/div>\n\t\t\t\t<div class=\"elementor-element elementor-element-7f80a05 elementor-widget elementor-widget-text-editor\" data-id=\"7f80a05\" data-element_type=\"widget\" data-e-type=\"widget\" data-widget_type=\"text-editor.default\">\n\t\t\t\t<div class=\"elementor-widget-container\">\n\t\t\t\t\t\t\t\t\t<p style=\"text-align: left;\">Lorem ipsum dolor sit amet, consectetur adipiscing elit. Ut elit tellus, luctus nec ullamcorper mattis, pulvinar dapibus leo.Lorem ipsum dolor sit amet, consectetur adipiscing elit, sed do eiusmod tempor incididunt ut labore et dolore magna aliqua. Ut enim ad minim veniam, quis nostrud exercitation ullamco laboris nisi ut aliquip ex ea commodo consequat. Duis aute irure dolor in reprehenderit in voluptate velit esse cillum dolore eu fugiat nulla pariatur. Excepteur sint occaecat cupidatat non proident, sunt in culpa qui officia deserunt mollit anim id est laborum<\/p>\t\t\t\t\t\t\t\t<\/div>\n\t\t\t\t<\/div>\n\t\t\t\t\t<\/div>\n\t\t<\/div>\n\t\t\t\t\t<\/div>\n\t\t<\/section>\n\t\t\t\t<section class=\"elementor-section elementor-inner-section elementor-element elementor-element-95bcbc9 elementor-section-boxed elementor-section-height-default elementor-section-height-default\" data-id=\"95bcbc9\" data-element_type=\"section\" data-e-type=\"section\">\n\t\t\t\t\t\t<div class=\"elementor-container elementor-column-gap-default\">\n\t\t\t\t\t<div class=\"elementor-column elementor-col-100 elementor-inner-column elementor-element elementor-element-ed7f1af\" data-id=\"ed7f1af\" data-element_type=\"column\" data-e-type=\"column\">\n\t\t\t<div class=\"elementor-widget-wrap elementor-element-populated\">\n\t\t\t\t\t\t<div class=\"elementor-element elementor-element-f275833 elementor-widget-divider--view-line elementor-widget elementor-widget-divider\" data-id=\"f275833\" data-element_type=\"widget\" data-e-type=\"widget\" data-widget_type=\"divider.default\">\n\t\t\t\t<div class=\"elementor-widget-container\">\n\t\t\t\t\t\t\t<div class=\"elementor-divider\">\n\t\t\t<span class=\"elementor-divider-separator\">\n\t\t\t\t\t\t<\/span>\n\t\t<\/div>\n\t\t\t\t\t\t<\/div>\n\t\t\t\t<\/div>\n\t\t\t\t<div class=\"elementor-element elementor-element-e6013b0 elementor-widget elementor-widget-heading\" data-id=\"e6013b0\" data-element_type=\"widget\" data-e-type=\"widget\" data-widget_type=\"heading.default\">\n\t\t\t\t<div class=\"elementor-widget-container\">\n\t\t\t\t\t<h3 class=\"elementor-heading-title elementor-size-default\">Contacts<\/h3>\t\t\t\t<\/div>\n\t\t\t\t<\/div>\n\t\t\t\t<div class=\"elementor-element elementor-element-06f3dbc elementor-widget elementor-widget-text-editor\" data-id=\"06f3dbc\" data-element_type=\"widget\" data-e-type=\"widget\" data-widget_type=\"text-editor.default\">\n\t\t\t\t<div class=\"elementor-widget-container\">\n\t\t\t\t\t\t\t\t\t<p style=\"text-align: center;\">Lorem ipsum dolor sit amet, consectetur adipiscing elit. Ut elit tellus, luctus nec<\/p>\t\t\t\t\t\t\t\t<\/div>\n\t\t\t\t<\/div>\n\t\t\t\t<div class=\"elementor-element elementor-element-ad478db elementor-widget elementor-widget-spacer\" data-id=\"ad478db\" data-element_type=\"widget\" data-e-type=\"widget\" data-widget_type=\"spacer.default\">\n\t\t\t\t<div class=\"elementor-widget-container\">\n\t\t\t\t\t\t\t<div class=\"elementor-spacer\">\n\t\t\t<div class=\"elementor-spacer-inner\"><\/div>\n\t\t<\/div>\n\t\t\t\t\t\t<\/div>\n\t\t\t\t<\/div>\n\t\t\t\t\t<\/div>\n\t\t<\/div>\n\t\t\t\t\t<\/div>\n\t\t<\/section>\n\t\t\t\t<div class=\"elementor-element elementor-element-e2006b3 elementor-widget elementor-widget-text-editor\" data-id=\"e2006b3\" data-element_type=\"widget\" data-e-type=\"widget\" data-widget_type=\"text-editor.default\">\n\t\t\t\t<div class=\"elementor-widget-container\">\n\t\t\t\t\t\t\t\t\t<p><b>Phone:<\/b> +36 20 418 4583<\/p><p><b>Mail:<\/b> info@vasmegyeiertektar.hu<\/p>\t\t\t\t\t\t\t\t<\/div>\n\t\t\t\t<\/div>\n\t\t\t\t<div class=\"elementor-element elementor-element-f7d2b37 elementor-widget elementor-widget-spacer\" data-id=\"f7d2b37\" data-element_type=\"widget\" data-e-type=\"widget\" data-widget_type=\"spacer.default\">\n\t\t\t\t<div class=\"elementor-widget-container\">\n\t\t\t\t\t\t\t<div class=\"elementor-spacer\">\n\t\t\t<div class=\"elementor-spacer-inner\"><\/div>\n\t\t<\/div>\n\t\t\t\t\t\t<\/div>\n\t\t\t\t<\/div>\n\t\t\t\t<div class=\"elementor-element elementor-element-6460937 elementor-shape-circle elementor-grid-0 e-grid-align-center elementor-widget elementor-widget-social-icons\" data-id=\"6460937\" data-element_type=\"widget\" data-e-type=\"widget\" data-widget_type=\"social-icons.default\">\n\t\t\t\t<div class=\"elementor-widget-container\">\n\t\t\t\t\t\t\t<div class=\"elementor-social-icons-wrapper elementor-grid\">\n\t\t\t\t\t\t\t<span class=\"elementor-grid-item\">\n\t\t\t\t\t<a class=\"elementor-icon elementor-social-icon elementor-social-icon-facebook elementor-repeater-item-5f18b72\" target=\"_blank\">\n\t\t\t\t\t\t<span class=\"elementor-screen-only\">Facebook<\/span>\n\t\t\t\t\t\t<i aria-hidden=\"true\" class=\"fab fa-facebook\"><\/i>\t\t\t\t\t<\/a>\n\t\t\t\t<\/span>\n\t\t\t\t\t<\/div>\n\t\t\t\t\t\t<\/div>\n\t\t\t\t<\/div>\n\t\t\t\t\t<\/div>\n\t\t<\/div>\n\t\t\t\t\t<\/div>\n\t\t<\/section>\n\t\t\t\t<\/div>\n\t\t","protected":false},"excerpt":{"rendered":"<p>About Vas County vault site Lorem ipsum dolor sit amet, consectetur adipiscing elit. Ut elit tellus, luctus nec ullamcorper mattis, pulvinar dapibus leo.Lorem ipsum dolor sit amet, consectetur adipiscing elit, sed do eiusmod tempor incididunt ut labore et dolore magna aliqua. Ut enim ad minim veniam, quis nostrud exercitation ullamco laboris nisi ut aliquip ex &hellip; <\/p>\n","protected":false},"author":2,"featured_media":0,"parent":0,"menu_order":0,"comment_status":"closed","ping_status":"closed","template":"","meta":{"nf_dc_page":"","_monsterinsights_skip_tracking":false,"_monsterinsights_sitenote_active":false,"_monsterinsights_sitenote_note":"","_monsterinsights_sitenote_category":0,"footnotes":""},"class_list":["post-10068","page","type-page","status-publish","hentry"],"yoast_head":"<!-- This site is optimized with the Yoast SEO plugin v27.4 - https:\/\/yoast.com\/product\/yoast-seo-wordpress\/ -->\n<title>About Us - Vas v\u00e1rmegyei \u00e9rt\u00e9kt\u00e1r<\/title>\n<meta name=\"robots\" content=\"index, follow, max-snippet:-1, max-image-preview:large, max-video-preview:-1\" \/>\n<link rel=\"canonical\" href=\"https:\/\/vasmegyeiertektar.hu\/en\/about-us\/\" \/>\n<meta property=\"og:locale\" content=\"en_US\" \/>\n<meta property=\"og:type\" content=\"article\" \/>\n<meta property=\"og:title\" content=\"About Us - Vas v\u00e1rmegyei \u00e9rt\u00e9kt\u00e1r\" \/>\n<meta property=\"og:description\" content=\"About Vas County vault site Lorem ipsum dolor sit amet, consectetur adipiscing elit. Ut elit tellus, luctus nec ullamcorper mattis, pulvinar dapibus leo.Lorem ipsum dolor sit amet, consectetur adipiscing elit, sed do eiusmod tempor incididunt ut labore et dolore magna aliqua. Ut enim ad minim veniam, quis nostrud exercitation ullamco laboris nisi ut aliquip ex &hellip;\" \/>\n<meta property=\"og:url\" content=\"https:\/\/vasmegyeiertektar.hu\/en\/about-us\/\" \/>\n<meta property=\"og:site_name\" content=\"Vas v\u00e1rmegyei \u00e9rt\u00e9kt\u00e1r\" \/>\n<meta property=\"article:modified_time\" content=\"2021-09-30T06:47:08+00:00\" \/>\n<meta property=\"og:image\" content=\"https:\/\/vasmegyeiertektar.hu\/wp-content\/uploads\/2021\/09\/photo-1588081483002-bf11c9bc15ee-1024x683.jpeg\" \/>\n<meta name=\"twitter:card\" content=\"summary_large_image\" \/>\n<meta name=\"twitter:label1\" content=\"Est. reading time\" \/>\n\t<meta name=\"twitter:data1\" content=\"1 minute\" \/>\n<script type=\"application\/ld+json\" class=\"yoast-schema-graph\">{\"@context\":\"https:\\\/\\\/schema.org\",\"@graph\":[{\"@type\":\"WebPage\",\"@id\":\"https:\\\/\\\/vasmegyeiertektar.hu\\\/en\\\/about-us\\\/\",\"url\":\"https:\\\/\\\/vasmegyeiertektar.hu\\\/en\\\/about-us\\\/\",\"name\":\"About Us - Vas v\u00e1rmegyei \u00e9rt\u00e9kt\u00e1r\",\"isPartOf\":{\"@id\":\"https:\\\/\\\/vasmegyeiertektar.hu\\\/#website\"},\"primaryImageOfPage\":{\"@id\":\"https:\\\/\\\/vasmegyeiertektar.hu\\\/en\\\/about-us\\\/#primaryimage\"},\"image\":{\"@id\":\"https:\\\/\\\/vasmegyeiertektar.hu\\\/en\\\/about-us\\\/#primaryimage\"},\"thumbnailUrl\":\"https:\\\/\\\/vasmegyeiertektar.hu\\\/wp-content\\\/uploads\\\/2021\\\/09\\\/photo-1588081483002-bf11c9bc15ee-1024x683.jpeg\",\"datePublished\":\"2021-09-30T06:35:37+00:00\",\"dateModified\":\"2021-09-30T06:47:08+00:00\",\"breadcrumb\":{\"@id\":\"https:\\\/\\\/vasmegyeiertektar.hu\\\/en\\\/about-us\\\/#breadcrumb\"},\"inLanguage\":\"en-US\",\"potentialAction\":[{\"@type\":\"ReadAction\",\"target\":[\"https:\\\/\\\/vasmegyeiertektar.hu\\\/en\\\/about-us\\\/\"]}]},{\"@type\":\"ImageObject\",\"inLanguage\":\"en-US\",\"@id\":\"https:\\\/\\\/vasmegyeiertektar.hu\\\/en\\\/about-us\\\/#primaryimage\",\"url\":\"https:\\\/\\\/vasmegyeiertektar.hu\\\/wp-content\\\/uploads\\\/2021\\\/09\\\/photo-1588081483002-bf11c9bc15ee-1024x683.jpeg\",\"contentUrl\":\"https:\\\/\\\/vasmegyeiertektar.hu\\\/wp-content\\\/uploads\\\/2021\\\/09\\\/photo-1588081483002-bf11c9bc15ee-1024x683.jpeg\"},{\"@type\":\"BreadcrumbList\",\"@id\":\"https:\\\/\\\/vasmegyeiertektar.hu\\\/en\\\/about-us\\\/#breadcrumb\",\"itemListElement\":[{\"@type\":\"ListItem\",\"position\":1,\"name\":\"F\u0151oldal\",\"item\":\"https:\\\/\\\/vasmegyeiertektar.hu\\\/en\\\/\"},{\"@type\":\"ListItem\",\"position\":2,\"name\":\"About Us\"}]},{\"@type\":\"WebSite\",\"@id\":\"https:\\\/\\\/vasmegyeiertektar.hu\\\/#website\",\"url\":\"https:\\\/\\\/vasmegyeiertektar.hu\\\/\",\"name\":\"Vas v\u00e1rmegyei \u00e9rt\u00e9kt\u00e1r\",\"description\":\"\",\"publisher\":{\"@id\":\"https:\\\/\\\/vasmegyeiertektar.hu\\\/#organization\"},\"potentialAction\":[{\"@type\":\"SearchAction\",\"target\":{\"@type\":\"EntryPoint\",\"urlTemplate\":\"https:\\\/\\\/vasmegyeiertektar.hu\\\/?s={search_term_string}\"},\"query-input\":{\"@type\":\"PropertyValueSpecification\",\"valueRequired\":true,\"valueName\":\"search_term_string\"}}],\"inLanguage\":\"en-US\"},{\"@type\":\"Organization\",\"@id\":\"https:\\\/\\\/vasmegyeiertektar.hu\\\/#organization\",\"name\":\"Vas Megyei \u00c9rt\u00e9kt\u00e1r\",\"url\":\"https:\\\/\\\/vasmegyeiertektar.hu\\\/\",\"logo\":{\"@type\":\"ImageObject\",\"inLanguage\":\"en-US\",\"@id\":\"https:\\\/\\\/vasmegyeiertektar.hu\\\/#\\\/schema\\\/logo\\\/image\\\/\",\"url\":\"https:\\\/\\\/i1.wp.com\\\/vasmegyeiertektar.hu\\\/wp-content\\\/uploads\\\/2021\\\/09\\\/VME_logo.png?fit=152%2C132&ssl=1\",\"contentUrl\":\"https:\\\/\\\/i1.wp.com\\\/vasmegyeiertektar.hu\\\/wp-content\\\/uploads\\\/2021\\\/09\\\/VME_logo.png?fit=152%2C132&ssl=1\",\"width\":152,\"height\":132,\"caption\":\"Vas Megyei \u00c9rt\u00e9kt\u00e1r\"},\"image\":{\"@id\":\"https:\\\/\\\/vasmegyeiertektar.hu\\\/#\\\/schema\\\/logo\\\/image\\\/\"}}]}<\/script>\n<!-- \/ Yoast SEO plugin. -->","yoast_head_json":{"title":"About Us - Vas v\u00e1rmegyei \u00e9rt\u00e9kt\u00e1r","robots":{"index":"index","follow":"follow","max-snippet":"max-snippet:-1","max-image-preview":"max-image-preview:large","max-video-preview":"max-video-preview:-1"},"canonical":"https:\/\/vasmegyeiertektar.hu\/en\/about-us\/","og_locale":"en_US","og_type":"article","og_title":"About Us - Vas v\u00e1rmegyei \u00e9rt\u00e9kt\u00e1r","og_description":"About Vas County vault site Lorem ipsum dolor sit amet, consectetur adipiscing elit. Ut elit tellus, luctus nec ullamcorper mattis, pulvinar dapibus leo.Lorem ipsum dolor sit amet, consectetur adipiscing elit, sed do eiusmod tempor incididunt ut labore et dolore magna aliqua. Ut enim ad minim veniam, quis nostrud exercitation ullamco laboris nisi ut aliquip ex &hellip;","og_url":"https:\/\/vasmegyeiertektar.hu\/en\/about-us\/","og_site_name":"Vas v\u00e1rmegyei \u00e9rt\u00e9kt\u00e1r","article_modified_time":"2021-09-30T06:47:08+00:00","og_image":[{"url":"https:\/\/vasmegyeiertektar.hu\/wp-content\/uploads\/2021\/09\/photo-1588081483002-bf11c9bc15ee-1024x683.jpeg","type":"","width":"","height":""}],"twitter_card":"summary_large_image","twitter_misc":{"Est. reading time":"1 minute"},"schema":{"@context":"https:\/\/schema.org","@graph":[{"@type":"WebPage","@id":"https:\/\/vasmegyeiertektar.hu\/en\/about-us\/","url":"https:\/\/vasmegyeiertektar.hu\/en\/about-us\/","name":"About Us - Vas v\u00e1rmegyei \u00e9rt\u00e9kt\u00e1r","isPartOf":{"@id":"https:\/\/vasmegyeiertektar.hu\/#website"},"primaryImageOfPage":{"@id":"https:\/\/vasmegyeiertektar.hu\/en\/about-us\/#primaryimage"},"image":{"@id":"https:\/\/vasmegyeiertektar.hu\/en\/about-us\/#primaryimage"},"thumbnailUrl":"https:\/\/vasmegyeiertektar.hu\/wp-content\/uploads\/2021\/09\/photo-1588081483002-bf11c9bc15ee-1024x683.jpeg","datePublished":"2021-09-30T06:35:37+00:00","dateModified":"2021-09-30T06:47:08+00:00","breadcrumb":{"@id":"https:\/\/vasmegyeiertektar.hu\/en\/about-us\/#breadcrumb"},"inLanguage":"en-US","potentialAction":[{"@type":"ReadAction","target":["https:\/\/vasmegyeiertektar.hu\/en\/about-us\/"]}]},{"@type":"ImageObject","inLanguage":"en-US","@id":"https:\/\/vasmegyeiertektar.hu\/en\/about-us\/#primaryimage","url":"https:\/\/vasmegyeiertektar.hu\/wp-content\/uploads\/2021\/09\/photo-1588081483002-bf11c9bc15ee-1024x683.jpeg","contentUrl":"https:\/\/vasmegyeiertektar.hu\/wp-content\/uploads\/2021\/09\/photo-1588081483002-bf11c9bc15ee-1024x683.jpeg"},{"@type":"BreadcrumbList","@id":"https:\/\/vasmegyeiertektar.hu\/en\/about-us\/#breadcrumb","itemListElement":[{"@type":"ListItem","position":1,"name":"F\u0151oldal","item":"https:\/\/vasmegyeiertektar.hu\/en\/"},{"@type":"ListItem","position":2,"name":"About Us"}]},{"@type":"WebSite","@id":"https:\/\/vasmegyeiertektar.hu\/#website","url":"https:\/\/vasmegyeiertektar.hu\/","name":"Vas v\u00e1rmegyei \u00e9rt\u00e9kt\u00e1r","description":"","publisher":{"@id":"https:\/\/vasmegyeiertektar.hu\/#organization"},"potentialAction":[{"@type":"SearchAction","target":{"@type":"EntryPoint","urlTemplate":"https:\/\/vasmegyeiertektar.hu\/?s={search_term_string}"},"query-input":{"@type":"PropertyValueSpecification","valueRequired":true,"valueName":"search_term_string"}}],"inLanguage":"en-US"},{"@type":"Organization","@id":"https:\/\/vasmegyeiertektar.hu\/#organization","name":"Vas Megyei \u00c9rt\u00e9kt\u00e1r","url":"https:\/\/vasmegyeiertektar.hu\/","logo":{"@type":"ImageObject","inLanguage":"en-US","@id":"https:\/\/vasmegyeiertektar.hu\/#\/schema\/logo\/image\/","url":"https:\/\/i1.wp.com\/vasmegyeiertektar.hu\/wp-content\/uploads\/2021\/09\/VME_logo.png?fit=152%2C132&ssl=1","contentUrl":"https:\/\/i1.wp.com\/vasmegyeiertektar.hu\/wp-content\/uploads\/2021\/09\/VME_logo.png?fit=152%2C132&ssl=1","width":152,"height":132,"caption":"Vas Megyei \u00c9rt\u00e9kt\u00e1r"},"image":{"@id":"https:\/\/vasmegyeiertektar.hu\/#\/schema\/logo\/image\/"}}]}},"_links":{"self":[{"href":"https:\/\/vasmegyeiertektar.hu\/en\/wp-json\/wp\/v2\/pages\/10068","targetHints":{"allow":["GET"]}}],"collection":[{"href":"https:\/\/vasmegyeiertektar.hu\/en\/wp-json\/wp\/v2\/pages"}],"about":[{"href":"https:\/\/vasmegyeiertektar.hu\/en\/wp-json\/wp\/v2\/types\/page"}],"author":[{"embeddable":true,"href":"https:\/\/vasmegyeiertektar.hu\/en\/wp-json\/wp\/v2\/users\/2"}],"replies":[{"embeddable":true,"href":"https:\/\/vasmegyeiertektar.hu\/en\/wp-json\/wp\/v2\/comments?post=10068"}],"version-history":[{"count":5,"href":"https:\/\/vasmegyeiertektar.hu\/en\/wp-json\/wp\/v2\/pages\/10068\/revisions"}],"predecessor-version":[{"id":13448,"href":"https:\/\/vasmegyeiertektar.hu\/en\/wp-json\/wp\/v2\/pages\/10068\/revisions\/13448"}],"wp:attachment":[{"href":"https:\/\/vasmegyeiertektar.hu\/en\/wp-json\/wp\/v2\/media?parent=10068"}],"curies":[{"name":"wp","href":"https:\/\/api.w.org\/{rel}","templated":true}]}}